{"id":2225,"date":"2025-06-26T10:17:45","date_gmt":"2025-06-26T08:17:45","guid":{"rendered":"https:\/\/flex-living.de\/nadruk\/"},"modified":"2025-09-22T09:41:26","modified_gmt":"2025-09-22T07:41:26","slug":"impressum","status":"publish","type":"page","link":"https:\/\/flex-living.de\/pl\/impressum\/","title":{"rendered":"Nadruk"},"content":{"rendered":"\t\t<div data-elementor-type=\"wp-page\" data-elementor-id=\"2225\" class=\"elementor elementor-2225 elementor-1414\" data-elementor-post-type=\"page\">\n\t\t\t\t<div class=\"elementor-element elementor-element-601bc4a5 e-flex e-con-boxed e-con e-parent\" data-id=\"601bc4a5\" data-element_type=\"container\">\n\t\t\t\t\t<div class=\"e-con-inner\">\n\t\t\t\t<div class=\"elementor-element elementor-element-42c66a6f elementor-widget elementor-widget-text-editor\" data-id=\"42c66a6f\" data-element_type=\"widget\" data-widget_type=\"text-editor.default\">\n\t\t\t\t\t\t\t\t\t<h1>Nadruk<\/h1><p>flex living GmbH<br \/>Waldstra\u00dfe 13<br \/>04105 Leipzig<\/p><p>Rejestr handlowy: S\u0105d Rejonowy w Lipsku, HRB 41859 L<\/p><p>IDENTYFIKATOR VAT: DE323413086<\/p><p>Kontakt:<br \/><i class=\"fas fa-phone-alt\"><\/i> <a title=\"Numer telefonu flex living\" href=\"tel:+4934192881400\">+49 341 92881400<\/a><br \/><i class=\"fas fa-envelope\"><\/i> <a title=\"Adres e-mail flex living\" href=\"mailto:kontakt@flex-living.de\">kontakt@flex-living.de<\/a><\/p><p>Zarz\u0105dzanie:<br \/>Ricardo Zilski<br \/>Sebastian Werner<\/p><p>Odpowiedzialny za tre\u015b\u0107 zgodnie z \u00a7 55 Abs. 2 RStV:<br \/>flex living GmbH<br \/>Waldstra\u00dfe 13<br \/>04105 Leipzig<\/p><p><strong>Wy\u0142\u0105czenie odpowiedzialno\u015bci:<\/strong><br \/><strong>Odpowiedzialno\u015b\u0107 za tre\u015b\u0107<\/strong><\/p><p>Zawarto\u015b\u0107 naszych stron zosta\u0142a stworzona z najwi\u0119ksz\u0105 staranno\u015bci\u0105. Nie ponosimy jednak \u017cadnej odpowiedzialno\u015bci za poprawno\u015b\u0107, kompletno\u015b\u0107 i aktualno\u015b\u0107 tre\u015bci. Jako dostawca us\u0142ug jeste\u015bmy zobowi\u0105zani zgodnie z \u00a7 7 ust. 1 TMG ponosi odpowiedzialno\u015b\u0107 za w\u0142asne tre\u015bci na tych stronach zgodnie z og\u00f3lnymi przepisami prawa. Zgodnie z \u00a7\u00a7 8 do 10 TMG, jako us\u0142ugodawca nie jeste\u015bmy jednak zobowi\u0105zani do monitorowania przekazywanych lub przechowywanych informacji os\u00f3b trzecich ani do badania okoliczno\u015bci wskazuj\u0105cych na nielegaln\u0105 dzia\u0142alno\u015b\u0107. Nie ma to wp\u0142ywu na zobowi\u0105zania do usuni\u0119cia lub zablokowania korzystania z informacji zgodnie z og\u00f3lnymi przepisami prawa. Odpowiedzialno\u015b\u0107 w tym zakresie jest jednak mo\u017cliwa dopiero od momentu uzyskania wiedzy o konkretnym naruszeniu. Gdy tylko dowiemy si\u0119 o takich naruszeniach, natychmiast usuniemy te tre\u015bci.<\/p><p><strong>Odpowiedzialno\u015b\u0107 za linki<\/strong><\/p><p>Nasza strona internetowa zawiera linki do zewn\u0119trznych stron internetowych os\u00f3b trzecich, na kt\u00f3rych tre\u015b\u0107 nie mamy wp\u0142ywu. W zwi\u0105zku z tym nie ponosimy \u017cadnej odpowiedzialno\u015bci za tre\u015bci pochodz\u0105ce od os\u00f3b trzecich. Odpowiedni dostawca lub operator stron jest zawsze odpowiedzialny za tre\u015b\u0107 stron, do kt\u00f3rych prowadz\u0105 linki. Po\u0142\u0105czone strony zosta\u0142y sprawdzone pod k\u0105tem mo\u017cliwych narusze\u0144 prawa w momencie ich \u0142\u0105czenia. Nielegalna zawarto\u015b\u0107 nie by\u0142a rozpoznawalna w momencie linkowania. Sta\u0142e monitorowanie tre\u015bci stron, do kt\u00f3rych prowadz\u0105 linki, nie jest jednak uzasadnione bez konkretnych dowod\u00f3w naruszenia. Je\u015bli dowiemy si\u0119 o jakichkolwiek naruszeniach prawa, natychmiast usuniemy takie linki.<\/p><p><strong>Prawa autorskie<\/strong><\/p><p>Tre\u015bci i dzie\u0142a stworzone przez operator\u00f3w witryn na tych stronach podlegaj\u0105 niemieckiemu prawu autorskiemu. Powielanie, edytowanie, rozpowszechnianie i wszelkiego rodzaju wykorzystywanie poza granicami prawa autorskiego wymaga pisemnej zgody odpowiedniego autora lub tw\u00f3rcy. Pobieranie i kopiowanie niniejszej witryny jest dozwolone wy\u0142\u0105cznie do prywatnego, niekomercyjnego u\u017cytku. O ile tre\u015bci na tej stronie nie zosta\u0142y stworzone przez operatora, prawa autorskie os\u00f3b trzecich s\u0105 przestrzegane. W szczeg\u00f3lno\u015bci tre\u015bci os\u00f3b trzecich s\u0105 oznaczone jako takie. Je\u015bli mimo to dowiesz si\u0119 o naruszeniu praw autorskich, poinformuj nas o tym. Je\u015bli dowiemy si\u0119 o jakichkolwiek naruszeniach prawa, niezw\u0142ocznie usuniemy takie tre\u015bci.<\/p>\t\t\t\t\t\t\t\t<\/div>\n\t\t\t\t\t<\/div>\n\t\t\t\t<\/div>\n\t\t\t\t<\/div>\n\t\t","protected":false},"excerpt":{"rendered":"<p>Nadruk flex living GmbHWaldstra\u00dfe 1304105 Leipzig Rejestr handlowy: S\u0105d Rejonowy w Lipsku, HRB 41859 L IDENTYFIKATOR VAT: DE323413086 Kontakt: +49 341 92881400 kontakt@flex-living.de Zarz\u0105dzanie:Ricardo ZilskiSebastian Werner Odpowiedzialny za tre\u015b\u0107 zgodnie z \u00a7 55 Abs. 2 RStV:flex living GmbHWaldstra\u00dfe 1304105 Leipzig Wy\u0142\u0105czenie odpowiedzialno\u015bci:Odpowiedzialno\u015b\u0107 za tre\u015b\u0107 Zawarto\u015b\u0107 naszych stron zosta\u0142a stworzona z najwi\u0119ksz\u0105 staranno\u015bci\u0105. Nie ponosimy jednak [&hellip;]<\/p>\n","protected":false},"author":3,"featured_media":0,"parent":0,"menu_order":0,"comment_status":"closed","ping_status":"closed","template":"","meta":{"_acf_changed":false,"footnotes":""},"class_list":["post-2225","page","type-page","status-publish","hentry"],"acf":[],"yoast_head":"<!-- This site is optimized with the Yoast SEO plugin v25.7 - https:\/\/yoast.com\/wordpress\/plugins\/seo\/ -->\n<title>Nadruk - Flex Living<\/title>\n<meta name=\"robots\" content=\"index, follow, max-snippet:-1, max-image-preview:large, max-video-preview:-1\" \/>\n<link rel=\"canonical\" href=\"https:\/\/flex-living.de\/pl\/impressum\/\" \/>\n<meta property=\"og:locale\" content=\"pl_PL\" \/>\n<meta property=\"og:type\" content=\"article\" \/>\n<meta property=\"og:title\" content=\"Nadruk - Flex Living\" \/>\n<meta property=\"og:description\" content=\"Nadruk flex living GmbHWaldstra\u00dfe 1304105 Leipzig Rejestr handlowy: S\u0105d Rejonowy w Lipsku, HRB 41859 L IDENTYFIKATOR VAT: DE323413086 Kontakt: +49 341 92881400 kontakt@flex-living.de Zarz\u0105dzanie:Ricardo ZilskiSebastian Werner Odpowiedzialny za tre\u015b\u0107 zgodnie z \u00a7 55 Abs. 2 RStV:flex living GmbHWaldstra\u00dfe 1304105 Leipzig Wy\u0142\u0105czenie odpowiedzialno\u015bci:Odpowiedzialno\u015b\u0107 za tre\u015b\u0107 Zawarto\u015b\u0107 naszych stron zosta\u0142a stworzona z najwi\u0119ksz\u0105 staranno\u015bci\u0105. Nie ponosimy jednak [&hellip;]\" \/>\n<meta property=\"og:url\" content=\"https:\/\/flex-living.de\/pl\/impressum\/\" \/>\n<meta property=\"og:site_name\" content=\"Flex Living\" \/>\n<meta property=\"article:modified_time\" content=\"2025-09-22T07:41:26+00:00\" \/>\n<meta name=\"twitter:card\" content=\"summary_large_image\" \/>\n<meta name=\"twitter:label1\" content=\"Szacowany czas czytania\" \/>\n\t<meta name=\"twitter:data1\" content=\"3 minuty\" \/>\n<script type=\"application\/ld+json\" class=\"yoast-schema-graph\">{\"@context\":\"https:\/\/schema.org\",\"@graph\":[{\"@type\":\"WebPage\",\"@id\":\"https:\/\/flex-living.de\/pl\/impressum\/\",\"url\":\"https:\/\/flex-living.de\/pl\/impressum\/\",\"name\":\"Nadruk - Flex Living\",\"isPartOf\":{\"@id\":\"https:\/\/flex-living.de\/pl\/#website\"},\"datePublished\":\"2025-06-26T08:17:45+00:00\",\"dateModified\":\"2025-09-22T07:41:26+00:00\",\"breadcrumb\":{\"@id\":\"https:\/\/flex-living.de\/pl\/impressum\/#breadcrumb\"},\"inLanguage\":\"pl-PL\",\"potentialAction\":[{\"@type\":\"ReadAction\",\"target\":[\"https:\/\/flex-living.de\/pl\/impressum\/\"]}]},{\"@type\":\"BreadcrumbList\",\"@id\":\"https:\/\/flex-living.de\/pl\/impressum\/#breadcrumb\",\"itemListElement\":[{\"@type\":\"ListItem\",\"position\":1,\"name\":\"Strona g\u0142\u00f3wna\",\"item\":\"https:\/\/flex-living.de\/pl\/startseite\/\"},{\"@type\":\"ListItem\",\"position\":2,\"name\":\"Nadruk\"}]},{\"@type\":\"WebSite\",\"@id\":\"https:\/\/flex-living.de\/pl\/#website\",\"url\":\"https:\/\/flex-living.de\/pl\/\",\"name\":\"Flex Living\",\"description\":\"\",\"publisher\":{\"@id\":\"https:\/\/flex-living.de\/pl\/#organization\"},\"potentialAction\":[{\"@type\":\"SearchAction\",\"target\":{\"@type\":\"EntryPoint\",\"urlTemplate\":\"https:\/\/flex-living.de\/pl\/?s={search_term_string}\"},\"query-input\":{\"@type\":\"PropertyValueSpecification\",\"valueRequired\":true,\"valueName\":\"search_term_string\"}}],\"inLanguage\":\"pl-PL\"},{\"@type\":\"Organization\",\"@id\":\"https:\/\/flex-living.de\/pl\/#organization\",\"name\":\"Flex Living\",\"url\":\"https:\/\/flex-living.de\/pl\/\",\"logo\":{\"@type\":\"ImageObject\",\"inLanguage\":\"pl-PL\",\"@id\":\"https:\/\/flex-living.de\/pl\/#\/schema\/logo\/image\/\",\"url\":\"https:\/\/flex-living.de\/wp-content\/uploads\/2025\/05\/cropped-Logo_flex_living.png\",\"contentUrl\":\"https:\/\/flex-living.de\/wp-content\/uploads\/2025\/05\/cropped-Logo_flex_living.png\",\"width\":207,\"height\":48,\"caption\":\"Flex Living\"},\"image\":{\"@id\":\"https:\/\/flex-living.de\/pl\/#\/schema\/logo\/image\/\"}}]}<\/script>\n<!-- \/ Yoast SEO plugin. -->","yoast_head_json":{"title":"Nadruk - Flex Living","robots":{"index":"index","follow":"follow","max-snippet":"max-snippet:-1","max-image-preview":"max-image-preview:large","max-video-preview":"max-video-preview:-1"},"canonical":"https:\/\/flex-living.de\/pl\/impressum\/","og_locale":"pl_PL","og_type":"article","og_title":"Nadruk - Flex Living","og_description":"Nadruk flex living GmbHWaldstra\u00dfe 1304105 Leipzig Rejestr handlowy: S\u0105d Rejonowy w Lipsku, HRB 41859 L IDENTYFIKATOR VAT: DE323413086 Kontakt: +49 341 92881400 kontakt@flex-living.de Zarz\u0105dzanie:Ricardo ZilskiSebastian Werner Odpowiedzialny za tre\u015b\u0107 zgodnie z \u00a7 55 Abs. 2 RStV:flex living GmbHWaldstra\u00dfe 1304105 Leipzig Wy\u0142\u0105czenie odpowiedzialno\u015bci:Odpowiedzialno\u015b\u0107 za tre\u015b\u0107 Zawarto\u015b\u0107 naszych stron zosta\u0142a stworzona z najwi\u0119ksz\u0105 staranno\u015bci\u0105. Nie ponosimy jednak [&hellip;]","og_url":"https:\/\/flex-living.de\/pl\/impressum\/","og_site_name":"Flex Living","article_modified_time":"2025-09-22T07:41:26+00:00","twitter_card":"summary_large_image","twitter_misc":{"Szacowany czas czytania":"3 minuty"},"schema":{"@context":"https:\/\/schema.org","@graph":[{"@type":"WebPage","@id":"https:\/\/flex-living.de\/pl\/impressum\/","url":"https:\/\/flex-living.de\/pl\/impressum\/","name":"Nadruk - Flex Living","isPartOf":{"@id":"https:\/\/flex-living.de\/pl\/#website"},"datePublished":"2025-06-26T08:17:45+00:00","dateModified":"2025-09-22T07:41:26+00:00","breadcrumb":{"@id":"https:\/\/flex-living.de\/pl\/impressum\/#breadcrumb"},"inLanguage":"pl-PL","potentialAction":[{"@type":"ReadAction","target":["https:\/\/flex-living.de\/pl\/impressum\/"]}]},{"@type":"BreadcrumbList","@id":"https:\/\/flex-living.de\/pl\/impressum\/#breadcrumb","itemListElement":[{"@type":"ListItem","position":1,"name":"Strona g\u0142\u00f3wna","item":"https:\/\/flex-living.de\/pl\/startseite\/"},{"@type":"ListItem","position":2,"name":"Nadruk"}]},{"@type":"WebSite","@id":"https:\/\/flex-living.de\/pl\/#website","url":"https:\/\/flex-living.de\/pl\/","name":"Flex Living","description":"","publisher":{"@id":"https:\/\/flex-living.de\/pl\/#organization"},"potentialAction":[{"@type":"SearchAction","target":{"@type":"EntryPoint","urlTemplate":"https:\/\/flex-living.de\/pl\/?s={search_term_string}"},"query-input":{"@type":"PropertyValueSpecification","valueRequired":true,"valueName":"search_term_string"}}],"inLanguage":"pl-PL"},{"@type":"Organization","@id":"https:\/\/flex-living.de\/pl\/#organization","name":"Flex Living","url":"https:\/\/flex-living.de\/pl\/","logo":{"@type":"ImageObject","inLanguage":"pl-PL","@id":"https:\/\/flex-living.de\/pl\/#\/schema\/logo\/image\/","url":"https:\/\/flex-living.de\/wp-content\/uploads\/2025\/05\/cropped-Logo_flex_living.png","contentUrl":"https:\/\/flex-living.de\/wp-content\/uploads\/2025\/05\/cropped-Logo_flex_living.png","width":207,"height":48,"caption":"Flex Living"},"image":{"@id":"https:\/\/flex-living.de\/pl\/#\/schema\/logo\/image\/"}}]}},"_links":{"self":[{"href":"https:\/\/flex-living.de\/pl\/wp-json\/wp\/v2\/pages\/2225","targetHints":{"allow":["GET"]}}],"collection":[{"href":"https:\/\/flex-living.de\/pl\/wp-json\/wp\/v2\/pages"}],"about":[{"href":"https:\/\/flex-living.de\/pl\/wp-json\/wp\/v2\/types\/page"}],"author":[{"embeddable":true,"href":"https:\/\/flex-living.de\/pl\/wp-json\/wp\/v2\/users\/3"}],"replies":[{"embeddable":true,"href":"https:\/\/flex-living.de\/pl\/wp-json\/wp\/v2\/comments?post=2225"}],"version-history":[{"count":8,"href":"https:\/\/flex-living.de\/pl\/wp-json\/wp\/v2\/pages\/2225\/revisions"}],"predecessor-version":[{"id":4245,"href":"https:\/\/flex-living.de\/pl\/wp-json\/wp\/v2\/pages\/2225\/revisions\/4245"}],"wp:attachment":[{"href":"https:\/\/flex-living.de\/pl\/wp-json\/wp\/v2\/media?parent=2225"}],"curies":[{"name":"wp","href":"https:\/\/api.w.org\/{rel}","templated":true}]}}